{"id":501,"date":"2024-04-03T13:36:23","date_gmt":"2024-04-03T13:36:23","guid":{"rendered":"https:\/\/torresplayamartorremolinos.com\/politica-de-privacidad-aviso-legal\/"},"modified":"2024-04-18T14:44:51","modified_gmt":"2024-04-18T14:44:51","slug":"politica-de-privacidad-aviso-legal","status":"publish","type":"page","link":"https:\/\/torresplayamartorremolinos.com\/en\/politica-de-privacidad-aviso-legal\/","title":{"rendered":"Pol\u00edtica de Privacidad &amp; Aviso Legal"},"content":{"rendered":"\t\t<div data-elementor-type=\"wp-page\" data-elementor-id=\"501\" class=\"elementor elementor-501 elementor-3\" data-elementor-post-type=\"page\">\n\t\t\t\t<div class=\"elementor-element elementor-element-4d0e948d e-flex e-con-boxed e-con e-parent\" data-id=\"4d0e948d\" data-element_type=\"container\" data-e-type=\"container\">\n\t\t\t\t\t<div class=\"e-con-inner\">\n\t\t\t\t<div class=\"elementor-element elementor-element-21c11934 elementor-widget elementor-widget-text-editor\" data-id=\"21c11934\" data-element_type=\"widget\" data-e-type=\"widget\" data-widget_type=\"text-editor.default\">\n\t\t\t\t<div class=\"elementor-widget-container\">\n\t\t\t\t\t\t\t\t\t\n<p>En aras a dar cumplimiento al Reglamento (UE) 2016\/679 del Parlamento Europeo y del Consejo, de 27 de abril de 2016, relativo a la protecci\u00f3n de las personas f\u00edsicas en lo que respecta al tratamiento de datos personales y a la libre circulaci\u00f3n de estos datos, y siguiendo las Recomendaciones e Instrucciones emitidas por la Agencia Espa\u00f1ola de Protecci\u00f3n de Datos (A.E.P.D.), SE INFORMA:<\/p>\n\n\n\n<ul>\n<li>Los datos de car\u00e1cter personal solicitados y facilitados por usted, son incorporados un fichero de titularidad privada cuyo responsable y \u00fanico destinatario es Apartamento frente al mar.<\/li>\n\n\n\n<li> Solo ser\u00e1n solicitados aquellos datos estrictamente necesarios para prestar adecuadamente los servicios solicitados, pudiendo ser necesario recoger datos de contacto de terceros, tales como representantes legales, tutores, o personas a cargo designadas por los mismos.<\/li>\n\n\n\n<li>Todos los datos recogidos cuentan con el compromiso de confidencialidad, con las medidas de seguridad establecidas legalmente, y bajo ning\u00fan concepto son cedidos o tratados por terceras personas, f\u00edsicas o jur\u00eddicas, sin el previo consentimiento del cliente, tutor o representante legal, salvo en aquellos casos en los que fuere imprescindible para la correcta prestaci\u00f3n del servicio.<\/li>\n\n\n\n<li>Los datos que facilito, ser\u00e1n incluidos en el Tratamiento denominado \u201cHu\u00e9spedes de Apartamento frente al mar. Una vez finalizada la relaci\u00f3n entre la empresa y el cliente los datos ser\u00e1n archivados y conservados, durante un periodo tiempo m\u00ednimo de 3 a\u00f1os, tras lo cual seguir\u00e1 archivado o en su defecto ser\u00e1n destruidos.<\/li>\n<\/ul>\n\n\n\n<p>Para ejercitar los derechos de acceso, rectificaci\u00f3n, cancelaci\u00f3n y oposici\u00f3n, se deber\u00e1 contactar por el formulario via web, indic\u00e1ndolo por escrito.<\/p>\n\t\t\t\t\t\t\t\t<\/div>\n\t\t\t\t<\/div>\n\t\t\t\t\t<\/div>\n\t\t\t\t<\/div>\n\t\t\t\t<\/div>\n\t\t","protected":false},"excerpt":{"rendered":"<p>En aras a dar cumplimiento al Reglamento (UE) 2016\/679 del Parlamento Europeo y del Consejo, de 27 de abril de 2016, relativo a la protecci\u00f3n de las personas f\u00edsicas en lo que respecta al tratamiento de datos personales y a la libre circulaci\u00f3n de estos datos, y siguiendo las Recomendaciones e Instrucciones emitidas por la [&hellip;]<\/p>\n","protected":false},"author":2,"featured_media":0,"parent":0,"menu_order":0,"comment_status":"closed","ping_status":"closed","template":"","meta":{"footnotes":""},"class_list":["post-501","page","type-page","status-publish","hentry"],"yoast_head":"<!-- This site is optimized with the Yoast SEO plugin v27.5 - https:\/\/yoast.com\/product\/yoast-seo-wordpress\/ -->\n<title>Pol\u00edtica de Privacidad &amp; Aviso Legal | Apartamento Torres de Playamar Torremolinos<\/title>\n<meta name=\"robots\" content=\"noindex, follow\" \/>\n<meta property=\"og:locale\" content=\"en_US\" \/>\n<meta property=\"og:type\" content=\"article\" \/>\n<meta property=\"og:title\" content=\"Pol\u00edtica de Privacidad &amp; Aviso Legal | Apartamento Torres de Playamar Torremolinos\" \/>\n<meta property=\"og:description\" content=\"En aras a dar cumplimiento al Reglamento (UE) 2016\/679 del Parlamento Europeo y del Consejo, de 27 de abril de 2016, relativo a la protecci\u00f3n de las personas f\u00edsicas en lo que respecta al tratamiento de datos personales y a la libre circulaci\u00f3n de estos datos, y siguiendo las Recomendaciones e Instrucciones emitidas por la [&hellip;]\" \/>\n<meta property=\"og:url\" content=\"https:\/\/torresplayamartorremolinos.com\/en\/politica-de-privacidad-aviso-legal\/\" \/>\n<meta property=\"og:site_name\" content=\"Apartamento Torres de Playamar Torremolinos\" \/>\n<meta property=\"article:modified_time\" content=\"2024-04-18T14:44:51+00:00\" \/>\n<meta property=\"og:image\" content=\"https:\/\/torresplayamartorremolinos.com\/wp-content\/uploads\/2024\/04\/Apartamento-Torres-de-Playamar-Torremolinos-Vista-al-Mar-31.jpg\" \/>\n\t<meta property=\"og:image:width\" content=\"1920\" \/>\n\t<meta property=\"og:image:height\" content=\"1280\" \/>\n\t<meta property=\"og:image:type\" content=\"image\/jpeg\" \/>\n<meta name=\"twitter:card\" content=\"summary_large_image\" \/>\n<meta name=\"twitter:label1\" content=\"Est. reading time\" \/>\n\t<meta name=\"twitter:data1\" content=\"1 minute\" \/>\n<script type=\"application\/ld+json\" class=\"yoast-schema-graph\">{\"@context\":\"https:\\\/\\\/schema.org\",\"@graph\":[{\"@type\":\"WebPage\",\"@id\":\"https:\\\/\\\/torresplayamartorremolinos.com\\\/en\\\/politica-de-privacidad-aviso-legal\\\/\",\"url\":\"https:\\\/\\\/torresplayamartorremolinos.com\\\/en\\\/politica-de-privacidad-aviso-legal\\\/\",\"name\":\"Pol\u00edtica de Privacidad &amp; Aviso Legal | Apartamento Torres de Playamar Torremolinos\",\"isPartOf\":{\"@id\":\"https:\\\/\\\/torresplayamartorremolinos.com\\\/en\\\/#website\"},\"datePublished\":\"2024-04-03T13:36:23+00:00\",\"dateModified\":\"2024-04-18T14:44:51+00:00\",\"breadcrumb\":{\"@id\":\"https:\\\/\\\/torresplayamartorremolinos.com\\\/en\\\/politica-de-privacidad-aviso-legal\\\/#breadcrumb\"},\"inLanguage\":\"en-US\",\"potentialAction\":[{\"@type\":\"ReadAction\",\"target\":[\"https:\\\/\\\/torresplayamartorremolinos.com\\\/en\\\/politica-de-privacidad-aviso-legal\\\/\"]}]},{\"@type\":\"BreadcrumbList\",\"@id\":\"https:\\\/\\\/torresplayamartorremolinos.com\\\/en\\\/politica-de-privacidad-aviso-legal\\\/#breadcrumb\",\"itemListElement\":[{\"@type\":\"ListItem\",\"position\":1,\"name\":\"Portada\",\"item\":\"https:\\\/\\\/torresplayamartorremolinos.com\\\/en\\\/\"},{\"@type\":\"ListItem\",\"position\":2,\"name\":\"Pol\u00edtica de Privacidad &amp; Aviso Legal\"}]},{\"@type\":\"WebSite\",\"@id\":\"https:\\\/\\\/torresplayamartorremolinos.com\\\/en\\\/#website\",\"url\":\"https:\\\/\\\/torresplayamartorremolinos.com\\\/en\\\/\",\"name\":\"Apartamento Torres de Playamar Torremolinos\",\"description\":\"Apartamento frente al mar en Torremolinos\",\"publisher\":{\"@id\":\"https:\\\/\\\/torresplayamartorremolinos.com\\\/en\\\/#organization\"},\"potentialAction\":[{\"@type\":\"SearchAction\",\"target\":{\"@type\":\"EntryPoint\",\"urlTemplate\":\"https:\\\/\\\/torresplayamartorremolinos.com\\\/en\\\/?s={search_term_string}\"},\"query-input\":{\"@type\":\"PropertyValueSpecification\",\"valueRequired\":true,\"valueName\":\"search_term_string\"}}],\"inLanguage\":\"en-US\"},{\"@type\":\"Organization\",\"@id\":\"https:\\\/\\\/torresplayamartorremolinos.com\\\/en\\\/#organization\",\"name\":\"Apartamento Torres de Playamar Torremolinos\",\"url\":\"https:\\\/\\\/torresplayamartorremolinos.com\\\/en\\\/\",\"logo\":{\"@type\":\"ImageObject\",\"inLanguage\":\"en-US\",\"@id\":\"https:\\\/\\\/torresplayamartorremolinos.com\\\/en\\\/#\\\/schema\\\/logo\\\/image\\\/\",\"url\":\"https:\\\/\\\/torresplayamartorremolinos.com\\\/wp-content\\\/uploads\\\/2024\\\/04\\\/cropped-logo-Apartamentos-Torres-de-Playamar-Torremolinos.png\",\"contentUrl\":\"https:\\\/\\\/torresplayamartorremolinos.com\\\/wp-content\\\/uploads\\\/2024\\\/04\\\/cropped-logo-Apartamentos-Torres-de-Playamar-Torremolinos.png\",\"width\":908,\"height\":121,\"caption\":\"Apartamento Torres de Playamar Torremolinos\"},\"image\":{\"@id\":\"https:\\\/\\\/torresplayamartorremolinos.com\\\/en\\\/#\\\/schema\\\/logo\\\/image\\\/\"}}]}<\/script>\n<!-- \/ Yoast SEO plugin. -->","yoast_head_json":{"title":"Pol\u00edtica de Privacidad &amp; Aviso Legal | Apartamento Torres de Playamar Torremolinos","robots":{"index":"noindex","follow":"follow"},"og_locale":"en_US","og_type":"article","og_title":"Pol\u00edtica de Privacidad &amp; Aviso Legal | Apartamento Torres de Playamar Torremolinos","og_description":"En aras a dar cumplimiento al Reglamento (UE) 2016\/679 del Parlamento Europeo y del Consejo, de 27 de abril de 2016, relativo a la protecci\u00f3n de las personas f\u00edsicas en lo que respecta al tratamiento de datos personales y a la libre circulaci\u00f3n de estos datos, y siguiendo las Recomendaciones e Instrucciones emitidas por la [&hellip;]","og_url":"https:\/\/torresplayamartorremolinos.com\/en\/politica-de-privacidad-aviso-legal\/","og_site_name":"Apartamento Torres de Playamar Torremolinos","article_modified_time":"2024-04-18T14:44:51+00:00","og_image":[{"width":1920,"height":1280,"url":"https:\/\/torresplayamartorremolinos.com\/wp-content\/uploads\/2024\/04\/Apartamento-Torres-de-Playamar-Torremolinos-Vista-al-Mar-31.jpg","type":"image\/jpeg"}],"twitter_card":"summary_large_image","twitter_misc":{"Est. reading time":"1 minute"},"schema":{"@context":"https:\/\/schema.org","@graph":[{"@type":"WebPage","@id":"https:\/\/torresplayamartorremolinos.com\/en\/politica-de-privacidad-aviso-legal\/","url":"https:\/\/torresplayamartorremolinos.com\/en\/politica-de-privacidad-aviso-legal\/","name":"Pol\u00edtica de Privacidad &amp; Aviso Legal | Apartamento Torres de Playamar Torremolinos","isPartOf":{"@id":"https:\/\/torresplayamartorremolinos.com\/en\/#website"},"datePublished":"2024-04-03T13:36:23+00:00","dateModified":"2024-04-18T14:44:51+00:00","breadcrumb":{"@id":"https:\/\/torresplayamartorremolinos.com\/en\/politica-de-privacidad-aviso-legal\/#breadcrumb"},"inLanguage":"en-US","potentialAction":[{"@type":"ReadAction","target":["https:\/\/torresplayamartorremolinos.com\/en\/politica-de-privacidad-aviso-legal\/"]}]},{"@type":"BreadcrumbList","@id":"https:\/\/torresplayamartorremolinos.com\/en\/politica-de-privacidad-aviso-legal\/#breadcrumb","itemListElement":[{"@type":"ListItem","position":1,"name":"Portada","item":"https:\/\/torresplayamartorremolinos.com\/en\/"},{"@type":"ListItem","position":2,"name":"Pol\u00edtica de Privacidad &amp; Aviso Legal"}]},{"@type":"WebSite","@id":"https:\/\/torresplayamartorremolinos.com\/en\/#website","url":"https:\/\/torresplayamartorremolinos.com\/en\/","name":"Apartamento Torres de Playamar Torremolinos","description":"Apartamento frente al mar en Torremolinos","publisher":{"@id":"https:\/\/torresplayamartorremolinos.com\/en\/#organization"},"potentialAction":[{"@type":"SearchAction","target":{"@type":"EntryPoint","urlTemplate":"https:\/\/torresplayamartorremolinos.com\/en\/?s={search_term_string}"},"query-input":{"@type":"PropertyValueSpecification","valueRequired":true,"valueName":"search_term_string"}}],"inLanguage":"en-US"},{"@type":"Organization","@id":"https:\/\/torresplayamartorremolinos.com\/en\/#organization","name":"Apartamento Torres de Playamar Torremolinos","url":"https:\/\/torresplayamartorremolinos.com\/en\/","logo":{"@type":"ImageObject","inLanguage":"en-US","@id":"https:\/\/torresplayamartorremolinos.com\/en\/#\/schema\/logo\/image\/","url":"https:\/\/torresplayamartorremolinos.com\/wp-content\/uploads\/2024\/04\/cropped-logo-Apartamentos-Torres-de-Playamar-Torremolinos.png","contentUrl":"https:\/\/torresplayamartorremolinos.com\/wp-content\/uploads\/2024\/04\/cropped-logo-Apartamentos-Torres-de-Playamar-Torremolinos.png","width":908,"height":121,"caption":"Apartamento Torres de Playamar Torremolinos"},"image":{"@id":"https:\/\/torresplayamartorremolinos.com\/en\/#\/schema\/logo\/image\/"}}]}},"_links":{"self":[{"href":"https:\/\/torresplayamartorremolinos.com\/en\/wp-json\/wp\/v2\/pages\/501","targetHints":{"allow":["GET"]}}],"collection":[{"href":"https:\/\/torresplayamartorremolinos.com\/en\/wp-json\/wp\/v2\/pages"}],"about":[{"href":"https:\/\/torresplayamartorremolinos.com\/en\/wp-json\/wp\/v2\/types\/page"}],"author":[{"embeddable":true,"href":"https:\/\/torresplayamartorremolinos.com\/en\/wp-json\/wp\/v2\/users\/2"}],"replies":[{"embeddable":true,"href":"https:\/\/torresplayamartorremolinos.com\/en\/wp-json\/wp\/v2\/comments?post=501"}],"version-history":[{"count":3,"href":"https:\/\/torresplayamartorremolinos.com\/en\/wp-json\/wp\/v2\/pages\/501\/revisions"}],"predecessor-version":[{"id":504,"href":"https:\/\/torresplayamartorremolinos.com\/en\/wp-json\/wp\/v2\/pages\/501\/revisions\/504"}],"wp:attachment":[{"href":"https:\/\/torresplayamartorremolinos.com\/en\/wp-json\/wp\/v2\/media?parent=501"}],"curies":[{"name":"wp","href":"https:\/\/api.w.org\/{rel}","templated":true}]}}